{"id":58,"date":"2018-06-03T22:36:17","date_gmt":"2018-06-03T20:36:17","guid":{"rendered":"http:\/\/judimedia.de\/urpd\/?page_id=58"},"modified":"2018-06-03T22:45:52","modified_gmt":"2018-06-03T20:45:52","slug":"bnd-tartan","status":"publish","type":"page","link":"http:\/\/judimedia.de\/urpd\/ueber-uns\/bnd-tartan\/","title":{"rendered":"Band Tartan"},"content":{"rendered":"<p><span style=\"color: #000000;\"><span style=\"font-family: Comic Sans MS;\"><span style=\"font-size: small;\">Dieser Tartan wurde speziell zu Ehren des 1990 verstorbenen Roy Williamson entworfen.<br \/>\nFlower of Scotland (korrekt, aber seltener The Flower of Scotland) ist ein patriotisches Lied aus Schottland, das zu einer Art inoffizieller Nationalhymne geworden ist. Hierbei steht sie in Konkurrenz zu Scotland the Brave. Die eigentliche Nationalhymne von Gro\u00dfbritannien &#8211; einschlie\u00dflich Schottland &#8211; ist &#8222;God save the Queen&#8220;, aber Schottland hat eigene nationale Fu\u00dfball &#8211; und Rugbymannschaften, die bei internationalen Spielen eine andere Hymne als die der englischen Mannschaften benutzen will.<br \/>\n&#8222;Flower of Scotland&#8220;<br \/>\nwurde von <\/span><\/span><span style=\"font-family: Comic Sans MS;\"><span style=\"font-size: small;\"><a style=\"color: #000000;\" href=\"http:\/\/de.wikipedia.org\/wiki\/Roy_Williamson\" target=\"_blank\" rel=\"noopener\">Roy Williamson<\/a>, dem Gr\u00fcnder der Folk-Band &#8222;<a style=\"color: #000000;\" href=\"http:\/\/www.thecorries.com\/\" target=\"_blank\" rel=\"noopener\">The Corries<\/a>&#8222;, geschrieben.<br \/>\nDer Song wurde von schottischen Rugby-Fans entdeckt und 1974 f\u00fcr die Lions-Tour in S\u00fcdafrika als Hymnenersatz verwendet.<br \/>\nBei Spielen gegen England werden die letzten zwei Zeilen mit besonderer Inbrunst gesungen.<br \/>\nDer schottische Fu\u00dfballverband folgte dem Beispiel des schottischen Rugby-Verbandes und machte &#8222;Flower of Scotland&#8220; 1997 zum offiziellen Lied, das vor L\u00e4nderspielen gespielt wird.<br \/>\nDas Lied behandelt den Kampf von William Wallace und Robert the Bruce gegen den englischen K\u00f6nig Edward I., und vor allem Roberts Sieg bei<a style=\"color: #000000;\" href=\"http:\/\/de.wikipedia.org\/wiki\/Bannockburn\" target=\"_blank\" rel=\"noopener\"> Bannockburn<\/a> (1314).<br \/>\nQuelle: <a style=\"color: #000000;\" href=\"http:\/\/de.wikipedia.org\/wiki\/Hauptseite\" target=\"_blank\" rel=\"noopener\">Wikipedia<\/a> <\/span><\/span><\/span><\/p>\n","protected":false},"excerpt":{"rendered":"<div class=\"mh-excerpt\"><p>Dieser Tartan wurde speziell zu Ehren des 1990 verstorbenen Roy Williamson entworfen. Flower of Scotland (korrekt, aber seltener The Flower of Scotland) ist ein patriotisches <a class=\"mh-excerpt-more\" href=\"http:\/\/judimedia.de\/urpd\/ueber-uns\/bnd-tartan\/\" title=\"Band Tartan\">[&#8230;]<\/a><\/p>\n<\/div>","protected":false},"author":1,"featured_media":62,"parent":20,"menu_order":0,"comment_status":"closed","ping_status":"closed","template":"","meta":[],"_links":{"self":[{"href":"http:\/\/judimedia.de\/urpd\/wp-json\/wp\/v2\/pages\/58"}],"collection":[{"href":"http:\/\/judimedia.de\/urpd\/wp-json\/wp\/v2\/pages"}],"about":[{"href":"http:\/\/judimedia.de\/urpd\/wp-json\/wp\/v2\/types\/page"}],"author":[{"embeddable":true,"href":"http:\/\/judimedia.de\/urpd\/wp-json\/wp\/v2\/users\/1"}],"replies":[{"embeddable":true,"href":"http:\/\/judimedia.de\/urpd\/wp-json\/wp\/v2\/comments?post=58"}],"version-history":[{"count":4,"href":"http:\/\/judimedia.de\/urpd\/wp-json\/wp\/v2\/pages\/58\/revisions"}],"predecessor-version":[{"id":70,"href":"http:\/\/judimedia.de\/urpd\/wp-json\/wp\/v2\/pages\/58\/revisions\/70"}],"up":[{"embeddable":true,"href":"http:\/\/judimedia.de\/urpd\/wp-json\/wp\/v2\/pages\/20"}],"wp:featuredmedia":[{"embeddable":true,"href":"http:\/\/judimedia.de\/urpd\/wp-json\/wp\/v2\/media\/62"}],"wp:attachment":[{"href":"http:\/\/judimedia.de\/urpd\/wp-json\/wp\/v2\/media?parent=58"}],"curies":[{"name":"wp","href":"https:\/\/api.w.org\/{rel}","templated":true}]}}