{"id":93,"date":"2017-03-04T12:02:23","date_gmt":"2017-03-04T11:02:23","guid":{"rendered":"http:\/\/judimedia.de\/richterpanzer\/?page_id=93"},"modified":"2021-10-22T20:54:37","modified_gmt":"2021-10-22T18:54:37","slug":"unsere-leistungen","status":"publish","type":"page","link":"http:\/\/judimedia.de\/richterpanzer\/?page_id=93","title":{"rendered":"unsere leistungen"},"content":{"rendered":"<ul>\n<li>staubfreie Sanierung von B\u00e4dern<\/li>\n<li>altersgerechte Badgestaltung (barrierefrei)<\/li>\n<li>3D-Badplanung<\/li>\n<li>Installation von Be- und Entw\u00e4sserungsanlagen<\/li>\n<li>Heizungsmodernisierung (Gas, \u00d6l)<\/li>\n<li>regenerative Energien (Solarthermie-Anlagen, Pellet-Heizungen, Scheitholz-\u00d6fen, W\u00e4rmepumpen)<\/li>\n<li>Heizungswartung (Gas, \u00d6l, Pellet)<\/li>\n<li>Installation und Wartung von Regelungstechnik<\/li>\n<li>Wartung von Trinkwasserinstallationen<\/li>\n<li>Rohrreinigung<\/li>\n<li>Beratung f\u00fcr \u00f6ffentliche F\u00f6rdermittel<\/li>\n<li>Pr\u00fcfung von Gasanlagen<\/li>\n<li>Pr\u00fcfung von Industrieanlagen<\/li>\n<li>Innenrohrsanierung f\u00fcr Trinkwasser und Heizung<\/li>\n<\/ul>\n","protected":false},"excerpt":{"rendered":"<p>staubfreie Sanierung von B\u00e4dern altersgerechte Badgestaltung (barrierefrei) 3D-Badplanung Installation von Be- und Entw\u00e4sserungsanlagen Heizungsmodernisierung (Gas, \u00d6l) regenerative Energien (Solarthermie-Anlagen, Pellet-Heizungen, Scheitholz-\u00d6fen, W\u00e4rmepumpen) Heizungswartung (Gas, \u00d6l, Pellet) Installation und Wartung von Regelungstechnik Wartung von Trinkwasserinstallationen Rohrreinigung Beratung f\u00fcr \u00f6ffentliche F\u00f6rdermittel Pr\u00fcfung von Gasanlagen Pr\u00fcfung von Industrieanlagen Innenrohrsanierung f\u00fcr Trinkwasser und Heizung<\/p>\n","protected":false},"author":1,"featured_media":0,"parent":0,"menu_order":1,"comment_status":"closed","ping_status":"closed","template":"","meta":{"footnotes":""},"class_list":["post-93","page","type-page","status-publish","hentry"],"_links":{"self":[{"href":"http:\/\/judimedia.de\/richterpanzer\/index.php?rest_route=\/wp\/v2\/pages\/93","targetHints":{"allow":["GET"]}}],"collection":[{"href":"http:\/\/judimedia.de\/richterpanzer\/index.php?rest_route=\/wp\/v2\/pages"}],"about":[{"href":"http:\/\/judimedia.de\/richterpanzer\/index.php?rest_route=\/wp\/v2\/types\/page"}],"author":[{"embeddable":true,"href":"http:\/\/judimedia.de\/richterpanzer\/index.php?rest_route=\/wp\/v2\/users\/1"}],"replies":[{"embeddable":true,"href":"http:\/\/judimedia.de\/richterpanzer\/index.php?rest_route=%2Fwp%2Fv2%2Fcomments&post=93"}],"version-history":[{"count":9,"href":"http:\/\/judimedia.de\/richterpanzer\/index.php?rest_route=\/wp\/v2\/pages\/93\/revisions"}],"predecessor-version":[{"id":350,"href":"http:\/\/judimedia.de\/richterpanzer\/index.php?rest_route=\/wp\/v2\/pages\/93\/revisions\/350"}],"wp:attachment":[{"href":"http:\/\/judimedia.de\/richterpanzer\/index.php?rest_route=%2Fwp%2Fv2%2Fmedia&parent=93"}],"curies":[{"name":"wp","href":"https:\/\/api.w.org\/{rel}","templated":true}]}}