{"id":9,"date":"2016-07-05T21:50:15","date_gmt":"2016-07-05T19:50:15","guid":{"rendered":"http:\/\/judimedia.de\/richterpanzer\/?page_id=9"},"modified":"2017-06-29T14:08:35","modified_gmt":"2017-06-29T12:08:35","slug":"startseite","status":"publish","type":"page","link":"http:\/\/judimedia.de\/richterpanzer\/","title":{"rendered":"richter &#038; panzer"},"content":{"rendered":"<p>Unser Fachbetrieb wurde am 10.10.2011 in Hagen von Christian Richter und<br \/>\nBenjamin Panzer gegr\u00fcndet.<\/p>\n<p>Mit den Titeln zur F\u00fchrung des Meisters und regelm\u00e4\u00dfigen Fortbildungen sind wir in der Lage gro\u00dfe Bestandteile unseres Fachbereiches mit jeweiligen Leistungsschwerpunkten abzudecken.<br \/>\nKundenzufriedenheit, Zuverl\u00e4ssigkeit und fachgerechte Arbeit zeichnet unser Unternehmen aus.<br \/>\nDie Ausbildung des Handwerks ist ebenfalls ein wichtiger Bestandteil unserer Philosophie.<\/p>\n","protected":false},"excerpt":{"rendered":"<p>Unser Fachbetrieb wurde am 10.10.2011 in Hagen von Christian Richter und Benjamin Panzer gegr\u00fcndet. Mit den Titeln zur F\u00fchrung des Meisters und regelm\u00e4\u00dfigen Fortbildungen sind wir in der Lage gro\u00dfe Bestandteile unseres Fachbereiches mit jeweiligen Leistungsschwerpunkten abzudecken. Kundenzufriedenheit, Zuverl\u00e4ssigkeit und fachgerechte Arbeit zeichnet unser Unternehmen aus. Die Ausbildung des Handwerks ist ebenfalls ein wichtiger Bestandteil &hellip; <a href=\"http:\/\/judimedia.de\/richterpanzer\/\" class=\"more-link\"><span class=\"screen-reader-text\">richter &#038; panzer<\/span> weiterlesen <span class=\"meta-nav\">&rarr;<\/span><\/a><\/p>\n","protected":false},"author":1,"featured_media":0,"parent":0,"menu_order":0,"comment_status":"closed","ping_status":"closed","template":"","meta":{"footnotes":""},"class_list":["post-9","page","type-page","status-publish","hentry"],"_links":{"self":[{"href":"http:\/\/judimedia.de\/richterpanzer\/index.php?rest_route=\/wp\/v2\/pages\/9","targetHints":{"allow":["GET"]}}],"collection":[{"href":"http:\/\/judimedia.de\/richterpanzer\/index.php?rest_route=\/wp\/v2\/pages"}],"about":[{"href":"http:\/\/judimedia.de\/richterpanzer\/index.php?rest_route=\/wp\/v2\/types\/page"}],"author":[{"embeddable":true,"href":"http:\/\/judimedia.de\/richterpanzer\/index.php?rest_route=\/wp\/v2\/users\/1"}],"replies":[{"embeddable":true,"href":"http:\/\/judimedia.de\/richterpanzer\/index.php?rest_route=%2Fwp%2Fv2%2Fcomments&post=9"}],"version-history":[{"count":18,"href":"http:\/\/judimedia.de\/richterpanzer\/index.php?rest_route=\/wp\/v2\/pages\/9\/revisions"}],"predecessor-version":[{"id":259,"href":"http:\/\/judimedia.de\/richterpanzer\/index.php?rest_route=\/wp\/v2\/pages\/9\/revisions\/259"}],"wp:attachment":[{"href":"http:\/\/judimedia.de\/richterpanzer\/index.php?rest_route=%2Fwp%2Fv2%2Fmedia&parent=9"}],"curies":[{"name":"wp","href":"https:\/\/api.w.org\/{rel}","templated":true}]}}