{"id":50,"date":"2016-07-12T22:36:32","date_gmt":"2016-07-12T20:36:32","guid":{"rendered":"http:\/\/judimedia.de\/richterpanzer\/?page_id=50"},"modified":"2022-12-23T08:47:05","modified_gmt":"2022-12-23T07:47:05","slug":"team","status":"publish","type":"page","link":"http:\/\/judimedia.de\/richterpanzer\/?page_id=50","title":{"rendered":"team"},"content":{"rendered":"<p><strong><a href=\"http:\/\/judimedia.de\/richterpanzer\/wp-content\/uploads\/2017\/03\/19.jpg\"><img loading=\"lazy\" decoding=\"async\" class=\"alignleft wp-image-151\" src=\"http:\/\/judimedia.de\/richterpanzer\/wp-content\/uploads\/2017\/03\/19-150x150.jpg\" width=\"150\" height=\"210\" srcset=\"http:\/\/judimedia.de\/richterpanzer\/wp-content\/uploads\/2017\/03\/19-214x300.jpg 214w, http:\/\/judimedia.de\/richterpanzer\/wp-content\/uploads\/2017\/03\/19.jpg 548w\" sizes=\"auto, (max-width: 150px) 100vw, 150px\" \/><\/a>Christian Richter<\/strong><br \/>\nMeister seit Mai 2010<br \/>\nf\u00fcr das Installations- und Heizungsbauer-Handwerk<br \/>\n<em>Qualifiziert und fortgebildet in den Bereichen:<\/em><br \/>\nWartung von Gas- und \u00d6l- Anlagen Wartung von Pellet- und Solaranlagen Gasdichtheitspr\u00fcfung Regelungstechnik, Hydraulischer Abgleich, Trinkwasserschutz, Innenrohrsanierung f\u00fcr Trinkwasser- und Heizungsanlagen, Staubarme Badsanierung, Altersgerechte Badsanierung, Energieeffiziente Heizungsmodernisierung, Gas- Wasser- und Heizungsinstallationen<\/p>\n<hr \/>\n<p><strong><a href=\"http:\/\/judimedia.de\/richterpanzer\/wp-content\/uploads\/2017\/03\/12.jpg\"><img loading=\"lazy\" decoding=\"async\" class=\"alignleft wp-image-149\" src=\"http:\/\/judimedia.de\/richterpanzer\/wp-content\/uploads\/2017\/03\/12-150x150.jpg\" width=\"150\" height=\"210\" srcset=\"http:\/\/judimedia.de\/richterpanzer\/wp-content\/uploads\/2017\/03\/12-214x300.jpg 214w, http:\/\/judimedia.de\/richterpanzer\/wp-content\/uploads\/2017\/03\/12.jpg 548w\" sizes=\"auto, (max-width: 150px) 100vw, 150px\" \/><\/a>Benjamin Panzer<\/strong><br \/>\nMeister seit August 2002<br \/>\nf\u00fcr das Installations- und Heizungsbauer-Handwerk<br \/>\n<em>Qualifiziert und fortgebildet in den Bereichen:<br \/>\n<\/em>Solarthermieanlagen, Klempnerei, Gasdichtheitspr\u00fcfung, Regelungstechnik, Hydraulischer Abgleich, Trinkwasserschutz, Innenrohrsanierung f\u00fcr Trinkwasser- und Heizungsanlagen, Staubarme Badsanierung, Altersgerechte Badsanierung, Energieeffiziente Heizungsmodernisierung, Gas- Wasser- und Heizungsinstallationen<\/p>\n<hr \/>\n<p><img loading=\"lazy\" decoding=\"async\" class=\"wp-image-282 alignleft\" src=\"http:\/\/judimedia.de\/richterpanzer\/wp-content\/uploads\/2019\/12\/19-150x150.jpg\" alt=\"\" width=\"150\" height=\"210\" srcset=\"http:\/\/judimedia.de\/richterpanzer\/wp-content\/uploads\/2019\/12\/19-214x300.jpg 214w, http:\/\/judimedia.de\/richterpanzer\/wp-content\/uploads\/2019\/12\/19-768x1075.jpg 768w, http:\/\/judimedia.de\/richterpanzer\/wp-content\/uploads\/2019\/12\/19-731x1024.jpg 731w\" sizes=\"auto, (max-width: 150px) 100vw, 150px\" \/><\/p>\n<p><strong>Gabi Richter<br \/>\n<\/strong>gelernte B\u00fcrokauffrau<br \/>\nunterst\u00fctzt das Unternehmen in kaufm\u00e4nnischen Bereichen seit Juni 2019<\/p>\n","protected":false},"excerpt":{"rendered":"<p>Christian Richter Meister seit Mai 2010 f\u00fcr das Installations- und Heizungsbauer-Handwerk Qualifiziert und fortgebildet in den Bereichen: Wartung von Gas- und \u00d6l- Anlagen Wartung von Pellet- und Solaranlagen Gasdichtheitspr\u00fcfung Regelungstechnik, Hydraulischer Abgleich, Trinkwasserschutz, Innenrohrsanierung f\u00fcr Trinkwasser- und Heizungsanlagen, Staubarme Badsanierung, Altersgerechte Badsanierung, Energieeffiziente Heizungsmodernisierung, Gas- Wasser- und Heizungsinstallationen Benjamin Panzer Meister seit August 2002 f\u00fcr &hellip; <a href=\"http:\/\/judimedia.de\/richterpanzer\/?page_id=50\" class=\"more-link\"><span class=\"screen-reader-text\">team<\/span> weiterlesen <span class=\"meta-nav\">&rarr;<\/span><\/a><\/p>\n","protected":false},"author":1,"featured_media":0,"parent":0,"menu_order":6,"comment_status":"closed","ping_status":"closed","template":"","meta":{"footnotes":""},"class_list":["post-50","page","type-page","status-publish","hentry"],"_links":{"self":[{"href":"http:\/\/judimedia.de\/richterpanzer\/index.php?rest_route=\/wp\/v2\/pages\/50","targetHints":{"allow":["GET"]}}],"collection":[{"href":"http:\/\/judimedia.de\/richterpanzer\/index.php?rest_route=\/wp\/v2\/pages"}],"about":[{"href":"http:\/\/judimedia.de\/richterpanzer\/index.php?rest_route=\/wp\/v2\/types\/page"}],"author":[{"embeddable":true,"href":"http:\/\/judimedia.de\/richterpanzer\/index.php?rest_route=\/wp\/v2\/users\/1"}],"replies":[{"embeddable":true,"href":"http:\/\/judimedia.de\/richterpanzer\/index.php?rest_route=%2Fwp%2Fv2%2Fcomments&post=50"}],"version-history":[{"count":68,"href":"http:\/\/judimedia.de\/richterpanzer\/index.php?rest_route=\/wp\/v2\/pages\/50\/revisions"}],"predecessor-version":[{"id":355,"href":"http:\/\/judimedia.de\/richterpanzer\/index.php?rest_route=\/wp\/v2\/pages\/50\/revisions\/355"}],"wp:attachment":[{"href":"http:\/\/judimedia.de\/richterpanzer\/index.php?rest_route=%2Fwp%2Fv2%2Fmedia&parent=50"}],"curies":[{"name":"wp","href":"https:\/\/api.w.org\/{rel}","templated":true}]}}