{"id":28,"date":"2016-07-11T23:13:58","date_gmt":"2016-07-11T21:13:58","guid":{"rendered":"http:\/\/judimedia.de\/richterpanzer\/?page_id=28"},"modified":"2017-03-08T15:13:07","modified_gmt":"2017-03-08T14:13:07","slug":"thema-3","status":"publish","type":"page","link":"http:\/\/judimedia.de\/richterpanzer\/?page_id=28","title":{"rendered":"regenerative energien"},"content":{"rendered":"<p>Ein Grundstein f\u00fcr die Zukunft unserer Kinder! Sie m\u00f6chten umweltfreundlich heizen, und dabei noch Energiekosten einsparen?<\/p>\n<p>Wir beraten Sie, ob eine Solarthermie-Anlage oder andere erneuerbare Energiequellen f\u00fcr Sie in Frage kommt.<\/p>\n<p>Nutzen Sie unsere <a href=\"http:\/\/killah2000.de\/solar\" target=\"_blank\">Solar-Referenzenlagen<\/a> zur \u00dcbersicht der abf\u00fchrenden W\u00e4rmeleistung und W\u00e4rmeertrages.<\/p>\n","protected":false},"excerpt":{"rendered":"<p>Ein Grundstein f\u00fcr die Zukunft unserer Kinder! Sie m\u00f6chten umweltfreundlich heizen, und dabei noch Energiekosten einsparen? Wir beraten Sie, ob eine Solarthermie-Anlage oder andere erneuerbare Energiequellen f\u00fcr Sie in Frage kommt. Nutzen Sie unsere Solar-Referenzenlagen zur \u00dcbersicht der abf\u00fchrenden W\u00e4rmeleistung und W\u00e4rmeertrages.<\/p>\n","protected":false},"author":1,"featured_media":0,"parent":0,"menu_order":4,"comment_status":"closed","ping_status":"closed","template":"","meta":{"footnotes":""},"class_list":["post-28","page","type-page","status-publish","hentry"],"_links":{"self":[{"href":"http:\/\/judimedia.de\/richterpanzer\/index.php?rest_route=\/wp\/v2\/pages\/28","targetHints":{"allow":["GET"]}}],"collection":[{"href":"http:\/\/judimedia.de\/richterpanzer\/index.php?rest_route=\/wp\/v2\/pages"}],"about":[{"href":"http:\/\/judimedia.de\/richterpanzer\/index.php?rest_route=\/wp\/v2\/types\/page"}],"author":[{"embeddable":true,"href":"http:\/\/judimedia.de\/richterpanzer\/index.php?rest_route=\/wp\/v2\/users\/1"}],"replies":[{"embeddable":true,"href":"http:\/\/judimedia.de\/richterpanzer\/index.php?rest_route=%2Fwp%2Fv2%2Fcomments&post=28"}],"version-history":[{"count":6,"href":"http:\/\/judimedia.de\/richterpanzer\/index.php?rest_route=\/wp\/v2\/pages\/28\/revisions"}],"predecessor-version":[{"id":197,"href":"http:\/\/judimedia.de\/richterpanzer\/index.php?rest_route=\/wp\/v2\/pages\/28\/revisions\/197"}],"wp:attachment":[{"href":"http:\/\/judimedia.de\/richterpanzer\/index.php?rest_route=%2Fwp%2Fv2%2Fmedia&parent=28"}],"curies":[{"name":"wp","href":"https:\/\/api.w.org\/{rel}","templated":true}]}}