{"id":26,"date":"2016-07-11T23:13:17","date_gmt":"2016-07-11T21:13:17","guid":{"rendered":"http:\/\/judimedia.de\/richterpanzer\/?page_id=26"},"modified":"2017-05-05T23:16:46","modified_gmt":"2017-05-05T21:16:46","slug":"thema-2","status":"publish","type":"page","link":"http:\/\/judimedia.de\/richterpanzer\/?page_id=26","title":{"rendered":"heizung"},"content":{"rendered":"<ul>\n<li>Welche Heizung ist die richtige f\u00fcr mich?<\/li>\n<li>Lohnt sich eine Solaranlage?<\/li>\n<\/ul>\n<p>Wir beraten Sie hinsichtlich Ihrer neuen energieeffizienten Heizung.<\/p>\n<p>Denn nicht jedes Geb\u00e4ude gleicht dem anderen.<\/p>\n<p>Ob Gas, \u00d6l oder Pellets, mit Ihnen zusammen finden wir eine bedarfsgerechte und umweltfreundliche L\u00f6sung f\u00fcr Ihre vier W\u00e4nde.<\/p>\n<p>Gerne beraten wir Sie auch zum Thema \u00f6ffentlicher F\u00f6rdermittel und Kostensenkung durch einen hydraulischen Abgleich.<\/p>\n<p><iframe loading=\"lazy\" title=\"Hydraulischer Abgleich f\u00fcr optimale W\u00e4rmeverteilung\" width=\"604\" height=\"340\" src=\"https:\/\/www.youtube.com\/embed\/L-aZUK_ssCI?feature=oembed\" frameborder=\"0\" allow=\"accelerometer; autoplay; clipboard-write; encrypted-media; gyroscope; picture-in-picture; web-share\" referrerpolicy=\"strict-origin-when-cross-origin\" allowfullscreen><\/iframe><\/p>\n<p><strong>F\u00f6rderf\u00e4hige energetische Sanierung:<br \/>\n<\/strong>(f\u00fcr mehr Infos bitte <a href=\"https:\/\/www.kfw.de\/inlandsfoerderung\/Privatpersonen\/Bestandsimmobilien\/Finanzierungsangebote\/Energieeffizient-Sanieren-Zuschuss-(430)\/?wt_cc1=wohnen&amp;wt_cc2=pri|bestandimmobilie&amp;wt_mc=43276558009_187835800547&amp;wt_kw=e_43276558009_kfw%20430\">hier<\/a> klicken)<\/p>\n<p><a href=\"https:\/\/www.kfw.de\/inlandsfoerderung\/Privatpersonen\/Bestandsimmobilien\/Finanzierungsangebote\/Energieeffizient-Sanieren-Zuschuss-(430)\/?wt_cc1=wohnen&amp;wt_cc2=pri|bestandimmobilie&amp;wt_mc=43276558009_187835800547&amp;wt_kw=e_43276558009_kfw%20430\"><img loading=\"lazy\" decoding=\"async\" class=\"alignnone wp-image-251 size-large\" src=\"http:\/\/judimedia.de\/richterpanzer\/wp-content\/uploads\/2016\/07\/Bildschirmfoto-2017-05-05-um-23.11.07-1024x689.png\" alt=\"\" width=\"604\" height=\"406\" srcset=\"http:\/\/judimedia.de\/richterpanzer\/wp-content\/uploads\/2016\/07\/Bildschirmfoto-2017-05-05-um-23.11.07-1024x689.png 1024w, http:\/\/judimedia.de\/richterpanzer\/wp-content\/uploads\/2016\/07\/Bildschirmfoto-2017-05-05-um-23.11.07-300x202.png 300w, http:\/\/judimedia.de\/richterpanzer\/wp-content\/uploads\/2016\/07\/Bildschirmfoto-2017-05-05-um-23.11.07-768x516.png 768w, http:\/\/judimedia.de\/richterpanzer\/wp-content\/uploads\/2016\/07\/Bildschirmfoto-2017-05-05-um-23.11.07.png 1032w\" sizes=\"auto, (max-width: 604px) 100vw, 604px\" \/><\/a><br \/>\n<strong><br \/>\nWilo-Pumpenf\u00f6rderung:<\/strong><\/p>\n<div class=\"moz-forward-container\">\n<pre><a class=\"moz-txt-link-freetext\" href=\"http:\/\/wilo-pumpenfoerderung.xperts.de\/\">http:\/\/wilo-pumpenfoerderung.xperts.de\/<\/a><\/pre>\n<\/div>\n","protected":false},"excerpt":{"rendered":"<p>Welche Heizung ist die richtige f\u00fcr mich? Lohnt sich eine Solaranlage? Wir beraten Sie hinsichtlich Ihrer neuen energieeffizienten Heizung. Denn nicht jedes Geb\u00e4ude gleicht dem anderen. Ob Gas, \u00d6l oder Pellets, mit Ihnen zusammen finden wir eine bedarfsgerechte und umweltfreundliche L\u00f6sung f\u00fcr Ihre vier W\u00e4nde. Gerne beraten wir Sie auch zum Thema \u00f6ffentlicher F\u00f6rdermittel und &hellip; <a href=\"http:\/\/judimedia.de\/richterpanzer\/?page_id=26\" class=\"more-link\"><span class=\"screen-reader-text\">heizung<\/span> weiterlesen <span class=\"meta-nav\">&rarr;<\/span><\/a><\/p>\n","protected":false},"author":1,"featured_media":0,"parent":0,"menu_order":3,"comment_status":"closed","ping_status":"closed","template":"","meta":{"footnotes":""},"class_list":["post-26","page","type-page","status-publish","hentry"],"_links":{"self":[{"href":"http:\/\/judimedia.de\/richterpanzer\/index.php?rest_route=\/wp\/v2\/pages\/26","targetHints":{"allow":["GET"]}}],"collection":[{"href":"http:\/\/judimedia.de\/richterpanzer\/index.php?rest_route=\/wp\/v2\/pages"}],"about":[{"href":"http:\/\/judimedia.de\/richterpanzer\/index.php?rest_route=\/wp\/v2\/types\/page"}],"author":[{"embeddable":true,"href":"http:\/\/judimedia.de\/richterpanzer\/index.php?rest_route=\/wp\/v2\/users\/1"}],"replies":[{"embeddable":true,"href":"http:\/\/judimedia.de\/richterpanzer\/index.php?rest_route=%2Fwp%2Fv2%2Fcomments&post=26"}],"version-history":[{"count":12,"href":"http:\/\/judimedia.de\/richterpanzer\/index.php?rest_route=\/wp\/v2\/pages\/26\/revisions"}],"predecessor-version":[{"id":255,"href":"http:\/\/judimedia.de\/richterpanzer\/index.php?rest_route=\/wp\/v2\/pages\/26\/revisions\/255"}],"wp:attachment":[{"href":"http:\/\/judimedia.de\/richterpanzer\/index.php?rest_route=%2Fwp%2Fv2%2Fmedia&parent=26"}],"curies":[{"name":"wp","href":"https:\/\/api.w.org\/{rel}","templated":true}]}}