{"id":205,"date":"2017-03-09T20:23:28","date_gmt":"2017-03-09T19:23:28","guid":{"rendered":"http:\/\/www.richterpanzer.de\/?page_id=205"},"modified":"2017-03-09T20:23:28","modified_gmt":"2017-03-09T19:23:28","slug":"wussten-sie-schon-2","status":"publish","type":"page","link":"http:\/\/judimedia.de\/richterpanzer\/?page_id=205","title":{"rendered":"wussten sie schon?"},"content":{"rendered":"<ul>\n<li>Durch die Reduzierung der Raumtemperatur um 1 Grad Celsius verringern sich Heizkosten bis zu 7%<\/li>\n<\/ul>\n<ul>\n<li>Durchschnittlich 75% der gesamten Energiekosten im Haus werden f\u00fcr die Heizung ben\u00f6tigt<\/li>\n<\/ul>\n<ul>\n<li>Nur 4% des gesamten Wassers auf der Erde ist Trinkwasser<\/li>\n<\/ul>\n<ul>\n<li>Durchschnittlich 44% unseres Wasserverbrauchs wird f\u00fcr das Duschen verwendet und 36% f\u00fcr Toilettensp\u00fclung<\/li>\n<\/ul>\n<ul>\n<li>Ein wassersparender Brausekopf kann bis zu 7.000 Liter Wasser im Jahr einsparen<\/li>\n<\/ul>\n<ul>\n<li>Eine durchschnittliche hocheffiziente Heizungspumpe verbraucht 4-20 Watt. Eine alte Heizungspumpe zum Vergleich, bis zu 100 Watt<\/li>\n<\/ul>\n<ul>\n<li>Durch den Einsatz neuer Thermostatventile an den Heizk\u00f6rpern k\u00f6nnen Einsparungen von 10% erreicht werden<\/li>\n<\/ul>\n","protected":false},"excerpt":{"rendered":"<p>Durch die Reduzierung der Raumtemperatur um 1 Grad Celsius verringern sich Heizkosten bis zu 7% Durchschnittlich 75% der gesamten Energiekosten im Haus werden f\u00fcr die Heizung ben\u00f6tigt Nur 4% des gesamten Wassers auf der Erde ist Trinkwasser Durchschnittlich 44% unseres Wasserverbrauchs wird f\u00fcr das Duschen verwendet und 36% f\u00fcr Toilettensp\u00fclung Ein wassersparender Brausekopf kann bis &hellip; <a href=\"http:\/\/judimedia.de\/richterpanzer\/?page_id=205\" class=\"more-link\"><span class=\"screen-reader-text\">wussten sie schon?<\/span> weiterlesen <span class=\"meta-nav\">&rarr;<\/span><\/a><\/p>\n","protected":false},"author":1,"featured_media":0,"parent":0,"menu_order":0,"comment_status":"closed","ping_status":"closed","template":"","meta":{"footnotes":""},"class_list":["post-205","page","type-page","status-publish","hentry"],"_links":{"self":[{"href":"http:\/\/judimedia.de\/richterpanzer\/index.php?rest_route=\/wp\/v2\/pages\/205","targetHints":{"allow":["GET"]}}],"collection":[{"href":"http:\/\/judimedia.de\/richterpanzer\/index.php?rest_route=\/wp\/v2\/pages"}],"about":[{"href":"http:\/\/judimedia.de\/richterpanzer\/index.php?rest_route=\/wp\/v2\/types\/page"}],"author":[{"embeddable":true,"href":"http:\/\/judimedia.de\/richterpanzer\/index.php?rest_route=\/wp\/v2\/users\/1"}],"replies":[{"embeddable":true,"href":"http:\/\/judimedia.de\/richterpanzer\/index.php?rest_route=%2Fwp%2Fv2%2Fcomments&post=205"}],"version-history":[{"count":1,"href":"http:\/\/judimedia.de\/richterpanzer\/index.php?rest_route=\/wp\/v2\/pages\/205\/revisions"}],"predecessor-version":[{"id":206,"href":"http:\/\/judimedia.de\/richterpanzer\/index.php?rest_route=\/wp\/v2\/pages\/205\/revisions\/206"}],"wp:attachment":[{"href":"http:\/\/judimedia.de\/richterpanzer\/index.php?rest_route=%2Fwp%2Fv2%2Fmedia&parent=205"}],"curies":[{"name":"wp","href":"https:\/\/api.w.org\/{rel}","templated":true}]}}